
{"id":525,"date":"2012-09-07T21:46:39","date_gmt":"2012-09-07T21:46:39","guid":{"rendered":"http:\/\/jornalbeirario.com.br\/portal\/portal\/?page_id=525"},"modified":"2017-09-08T00:32:07","modified_gmt":"2017-09-08T03:32:07","slug":"previsao-para-toda-a-regiao","status":"publish","type":"page","link":"https:\/\/jornalbeirario.com.br\/portal\/?page_id=525","title":{"rendered":"Previs\u00e3o para toda a regi\u00e3o"},"content":{"rendered":"<p>Acompanhe a previs\u00e3o de tempo em sua cidade e regi\u00e3o, ou informe-se abaixo sobre o clima em outras cidades antes de viajar.<\/p>\n<table border=\"0\" cellspacing=\"0\" cellpadding=\"0\">\n<tbody>\n<tr>\n<td><!-- Widget Previs&atilde;o de Tempo CPTEC\/INPE --><iframe loading=\"lazy\" src=\"http:\/\/www.cptec.inpe.br\/widget\/widget.php?p=4305&amp;w=h&amp;c=607065&amp;f=ffffff\" width=\"215px\" height=\"200px\" frameborder=\"0\" marginwidth=\"0\" marginheight=\"0\" scrolling=\"no\"><\/iframe><\/p>\n<p><noscript>Previs\u00e3o de <a href=\"http:\/\/www.cptec.inpe.br\/cidades\/tempo\/4305\">Resende\/RJ<\/a> oferecido por <a href=\"http:\/\/www.cptec.inpe.br\">CPTEC\/INPE<\/a><\/noscript><\/td>\n<td width=\"3\"><\/td>\n<td><!-- Widget Previs&atilde;o de Tempo CPTEC\/INPE --><iframe loading=\"lazy\" src=\"http:\/\/www.cptec.inpe.br\/widget\/widget.php?p=2618&amp;w=h&amp;c=607065&amp;f=ffffff\" width=\"215px\" height=\"200px\" frameborder=\"0\" marginwidth=\"0\" marginheight=\"0\" scrolling=\"no\"><\/iframe><\/p>\n<p><noscript>Previs\u00e3o de <a href=\"http:\/\/www.cptec.inpe.br\/cidades\/tempo\/2618\">Itatiaia\/RJ<\/a> oferecido por <a href=\"http:\/\/www.cptec.inpe.br\">CPTEC\/INPE<\/a><\/noscript><\/td>\n<td width=\"3\"><\/td>\n<td><!-- Widget Previs&atilde;o de Tempo CPTEC\/INPE --><iframe loading=\"lazy\" src=\"http:\/\/www.cptec.inpe.br\/widget\/widget.php?p=775&amp;w=h&amp;c=607065&amp;f=ffffff\" width=\"215px\" height=\"200px\" frameborder=\"0\" marginwidth=\"0\" marginheight=\"0\" scrolling=\"no\"><\/iframe><\/p>\n<p><noscript>Previs\u00e3o de <a href=\"http:\/\/www.cptec.inpe.br\/cidades\/tempo\/775\">Barra Mansa\/RJ<\/a> oferecido por <a href=\"http:\/\/www.cptec.inpe.br\">CPTEC\/INPE<\/a><\/noscript><\/td>\n<\/tr>\n<tr>\n<td><!-- Widget Previs&atilde;o de Tempo CPTEC\/INPE --><iframe loading=\"lazy\" src=\"http:\/\/www.cptec.inpe.br\/widget\/widget.php?p=5703&amp;w=h&amp;c=607065&amp;f=ffffff\" width=\"215px\" height=\"200px\" frameborder=\"0\" marginwidth=\"0\" marginheight=\"0\" scrolling=\"no\"><\/iframe><\/p>\n<p><noscript>Previs\u00e3o de <a href=\"http:\/\/www.cptec.inpe.br\/cidades\/tempo\/5703\">Volta Redonda\/RJ<\/a> oferecido por <a href=\"http:\/\/www.cptec.inpe.br\">CPTEC\/INPE<\/a><\/noscript><\/td>\n<td width=\"3\"><\/td>\n<td><!-- Widget Previs&atilde;o de Tempo CPTEC\/INPE --><iframe loading=\"lazy\" src=\"http:\/\/www.cptec.inpe.br\/widget\/widget.php?p=486&amp;w=h&amp;c=607065&amp;f=ffffff\" width=\"215px\" height=\"200px\" frameborder=\"0\" marginwidth=\"0\" marginheight=\"0\" scrolling=\"no\"><\/iframe><\/p>\n<p><noscript>Previs\u00e3o de <a href=\"http:\/\/www.cptec.inpe.br\/cidades\/tempo\/486\">Angra dos Reis\/RJ<\/a> oferecido por <a href=\"http:\/\/www.cptec.inpe.br\">CPTEC\/INPE<\/a><\/noscript><\/td>\n<td width=\"3\"><\/td>\n<td><!-- Widget Previs&atilde;o de Tempo CPTEC\/INPE --><iframe loading=\"lazy\" src=\"http:\/\/www.cptec.inpe.br\/widget\/widget.php?p=241&amp;w=h&amp;c=607065&amp;f=ffffff\" width=\"215px\" height=\"200px\" frameborder=\"0\" marginwidth=\"0\" marginheight=\"0\" scrolling=\"no\"><\/iframe><\/p>\n<p><noscript>Previs\u00e3o de <a href=\"http:\/\/www.cptec.inpe.br\/cidades\/tempo\/241\">Rio de Janeiro\/RJ<\/a> oferecido por <a href=\"http:\/\/www.cptec.inpe.br\">CPTEC\/INPE<\/a><\/noscript><\/td>\n<\/tr>\n<tr>\n<td><!-- Widget Previs&atilde;o de Tempo CPTEC\/INPE --><iframe loading=\"lazy\" src=\"http:\/\/www.cptec.inpe.br\/widget\/widget.php?p=222&amp;w=h&amp;c=607065&amp;f=ffffff\" width=\"215px\" height=\"200px\" frameborder=\"0\" marginwidth=\"0\" marginheight=\"0\" scrolling=\"no\"><\/iframe><\/p>\n<p><noscript>Previs\u00e3o de <a href=\"http:\/\/www.cptec.inpe.br\/cidades\/tempo\/222\">Belo Horizonte\/MG<\/a> oferecido por <a href=\"http:\/\/www.cptec.inpe.br\">CPTEC\/INPE<\/a><\/noscript><\/td>\n<td width=\"3\"><\/td>\n<td><!-- Widget Previs&atilde;o de Tempo CPTEC\/INPE --><iframe loading=\"lazy\" src=\"http:\/\/www.cptec.inpe.br\/widget\/widget.php?p=2833&amp;w=h&amp;c=607065&amp;f=ffffff\" width=\"215px\" height=\"200px\" frameborder=\"0\" marginwidth=\"0\" marginheight=\"0\" scrolling=\"no\"><\/iframe><\/p>\n<p><noscript>Previs\u00e3o de <a href=\"http:\/\/www.cptec.inpe.br\/cidades\/tempo\/2833\">Juiz de Fora\/MG<\/a> oferecido por <a href=\"http:\/\/www.cptec.inpe.br\">CPTEC\/INPE<\/a><\/noscript><\/td>\n<td width=\"3\"><\/td>\n<td><!-- Widget Previs&atilde;o de Tempo CPTEC\/INPE --><iframe loading=\"lazy\" src=\"http:\/\/www.cptec.inpe.br\/widget\/widget.php?p=244&amp;w=h&amp;c=607065&amp;f=ffffff\" width=\"215px\" height=\"200px\" frameborder=\"0\" marginwidth=\"0\" marginheight=\"0\" scrolling=\"no\"><\/iframe><\/p>\n<p><noscript>Previs\u00e3o de <a href=\"http:\/\/www.cptec.inpe.br\/cidades\/tempo\/244\">S\u00e3o Paulo\/SP<\/a> oferecido por <a href=\"http:\/\/www.cptec.inpe.br\">CPTEC\/INPE<\/a><\/noscript><\/td>\n<\/tr>\n<\/tbody>\n<\/table>\n","protected":false},"excerpt":{"rendered":"<p>Acompanhe a previs\u00e3o de tempo em sua cidade e regi\u00e3o, ou informe-se abaixo sobre o clima em outras cidades antes de viajar. Previs\u00e3o de<\/p>\n","protected":false},"author":1,"featured_media":0,"parent":0,"menu_order":0,"comment_status":"open","ping_status":"open","template":"","meta":{"pmpro_default_level":"","footnotes":""},"class_list":["post-525","page","type-page","status-publish","hentry","pmpro-has-access"],"yoast_head":"<!-- This site is optimized with the Yoast SEO plugin v27.4 - https:\/\/yoast.com\/product\/yoast-seo-wordpress\/ -->\n<title>Previs\u00e3o para toda a regi\u00e3o - JORNAL BEIRA RIO<\/title>\n<meta name=\"robots\" content=\"index, follow, max-snippet:-1, max-image-preview:large, max-video-preview:-1\" \/>\n<link rel=\"canonical\" href=\"https:\/\/jornalbeirario.com.br\/portal\/?page_id=525\" \/>\n<meta property=\"og:locale\" content=\"pt_BR\" \/>\n<meta property=\"og:type\" content=\"article\" \/>\n<meta property=\"og:title\" content=\"Previs\u00e3o para toda a regi\u00e3o - JORNAL BEIRA RIO\" \/>\n<meta property=\"og:description\" content=\"Acompanhe a previs\u00e3o de tempo em sua cidade e regi\u00e3o, ou informe-se abaixo sobre o clima em outras cidades antes de viajar. Previs\u00e3o de\" \/>\n<meta property=\"og:url\" content=\"https:\/\/jornalbeirario.com.br\/portal\/?page_id=525\" \/>\n<meta property=\"og:site_name\" content=\"JORNAL BEIRA RIO\" \/>\n<meta property=\"article:modified_time\" content=\"2017-09-08T03:32:07+00:00\" \/>\n<meta name=\"twitter:card\" content=\"summary_large_image\" \/>\n<meta name=\"twitter:label1\" content=\"Est. tempo de leitura\" \/>\n\t<meta name=\"twitter:data1\" content=\"1 minuto\" \/>\n<script type=\"application\/ld+json\" class=\"yoast-schema-graph\">{\"@context\":\"https:\\\/\\\/schema.org\",\"@graph\":[{\"@type\":\"WebPage\",\"@id\":\"https:\\\/\\\/jornalbeirario.com.br\\\/portal\\\/?page_id=525\",\"url\":\"https:\\\/\\\/jornalbeirario.com.br\\\/portal\\\/?page_id=525\",\"name\":\"Previs\u00e3o para toda a regi\u00e3o - JORNAL BEIRA RIO\",\"isPartOf\":{\"@id\":\"https:\\\/\\\/jornalbeirario.com.br\\\/portal\\\/#website\"},\"datePublished\":\"2012-09-07T21:46:39+00:00\",\"dateModified\":\"2017-09-08T03:32:07+00:00\",\"breadcrumb\":{\"@id\":\"https:\\\/\\\/jornalbeirario.com.br\\\/portal\\\/?page_id=525#breadcrumb\"},\"inLanguage\":\"pt-BR\",\"potentialAction\":[{\"@type\":\"ReadAction\",\"target\":[\"https:\\\/\\\/jornalbeirario.com.br\\\/portal\\\/?page_id=525\"]}]},{\"@type\":\"BreadcrumbList\",\"@id\":\"https:\\\/\\\/jornalbeirario.com.br\\\/portal\\\/?page_id=525#breadcrumb\",\"itemListElement\":[{\"@type\":\"ListItem\",\"position\":1,\"name\":\"Home\",\"item\":\"https:\\\/\\\/jornalbeirario.com.br\\\/portal\"},{\"@type\":\"ListItem\",\"position\":2,\"name\":\"Previs\u00e3o para toda a regi\u00e3o\"}]},{\"@type\":\"WebSite\",\"@id\":\"https:\\\/\\\/jornalbeirario.com.br\\\/portal\\\/#website\",\"url\":\"https:\\\/\\\/jornalbeirario.com.br\\\/portal\\\/\",\"name\":\"JORNAL BEIRA RIO\",\"description\":\"\",\"publisher\":{\"@id\":\"https:\\\/\\\/jornalbeirario.com.br\\\/portal\\\/#organization\"},\"potentialAction\":[{\"@type\":\"SearchAction\",\"target\":{\"@type\":\"EntryPoint\",\"urlTemplate\":\"https:\\\/\\\/jornalbeirario.com.br\\\/portal\\\/?s={search_term_string}\"},\"query-input\":{\"@type\":\"PropertyValueSpecification\",\"valueRequired\":true,\"valueName\":\"search_term_string\"}}],\"inLanguage\":\"pt-BR\"},{\"@type\":\"Organization\",\"@id\":\"https:\\\/\\\/jornalbeirario.com.br\\\/portal\\\/#organization\",\"name\":\"JORNAL BEIRA RIO\",\"url\":\"https:\\\/\\\/jornalbeirario.com.br\\\/portal\\\/\",\"logo\":{\"@type\":\"ImageObject\",\"inLanguage\":\"pt-BR\",\"@id\":\"https:\\\/\\\/jornalbeirario.com.br\\\/portal\\\/#\\\/schema\\\/logo\\\/image\\\/\",\"url\":\"https:\\\/\\\/jornalbeirario.com.br\\\/portal\\\/wp-content\\\/uploads\\\/2017\\\/09\\\/BEIRA-RIO_logo600.png\",\"contentUrl\":\"https:\\\/\\\/jornalbeirario.com.br\\\/portal\\\/wp-content\\\/uploads\\\/2017\\\/09\\\/BEIRA-RIO_logo600.png\",\"width\":650,\"height\":108,\"caption\":\"JORNAL BEIRA RIO\"},\"image\":{\"@id\":\"https:\\\/\\\/jornalbeirario.com.br\\\/portal\\\/#\\\/schema\\\/logo\\\/image\\\/\"}}]}<\/script>\n<!-- \/ Yoast SEO plugin. -->","yoast_head_json":{"title":"Previs\u00e3o para toda a regi\u00e3o - JORNAL BEIRA RIO","robots":{"index":"index","follow":"follow","max-snippet":"max-snippet:-1","max-image-preview":"max-image-preview:large","max-video-preview":"max-video-preview:-1"},"canonical":"https:\/\/jornalbeirario.com.br\/portal\/?page_id=525","og_locale":"pt_BR","og_type":"article","og_title":"Previs\u00e3o para toda a regi\u00e3o - JORNAL BEIRA RIO","og_description":"Acompanhe a previs\u00e3o de tempo em sua cidade e regi\u00e3o, ou informe-se abaixo sobre o clima em outras cidades antes de viajar. Previs\u00e3o de","og_url":"https:\/\/jornalbeirario.com.br\/portal\/?page_id=525","og_site_name":"JORNAL BEIRA RIO","article_modified_time":"2017-09-08T03:32:07+00:00","twitter_card":"summary_large_image","twitter_misc":{"Est. tempo de leitura":"1 minuto"},"schema":{"@context":"https:\/\/schema.org","@graph":[{"@type":"WebPage","@id":"https:\/\/jornalbeirario.com.br\/portal\/?page_id=525","url":"https:\/\/jornalbeirario.com.br\/portal\/?page_id=525","name":"Previs\u00e3o para toda a regi\u00e3o - JORNAL BEIRA RIO","isPartOf":{"@id":"https:\/\/jornalbeirario.com.br\/portal\/#website"},"datePublished":"2012-09-07T21:46:39+00:00","dateModified":"2017-09-08T03:32:07+00:00","breadcrumb":{"@id":"https:\/\/jornalbeirario.com.br\/portal\/?page_id=525#breadcrumb"},"inLanguage":"pt-BR","potentialAction":[{"@type":"ReadAction","target":["https:\/\/jornalbeirario.com.br\/portal\/?page_id=525"]}]},{"@type":"BreadcrumbList","@id":"https:\/\/jornalbeirario.com.br\/portal\/?page_id=525#breadcrumb","itemListElement":[{"@type":"ListItem","position":1,"name":"Home","item":"https:\/\/jornalbeirario.com.br\/portal"},{"@type":"ListItem","position":2,"name":"Previs\u00e3o para toda a regi\u00e3o"}]},{"@type":"WebSite","@id":"https:\/\/jornalbeirario.com.br\/portal\/#website","url":"https:\/\/jornalbeirario.com.br\/portal\/","name":"JORNAL BEIRA RIO","description":"","publisher":{"@id":"https:\/\/jornalbeirario.com.br\/portal\/#organization"},"potentialAction":[{"@type":"SearchAction","target":{"@type":"EntryPoint","urlTemplate":"https:\/\/jornalbeirario.com.br\/portal\/?s={search_term_string}"},"query-input":{"@type":"PropertyValueSpecification","valueRequired":true,"valueName":"search_term_string"}}],"inLanguage":"pt-BR"},{"@type":"Organization","@id":"https:\/\/jornalbeirario.com.br\/portal\/#organization","name":"JORNAL BEIRA RIO","url":"https:\/\/jornalbeirario.com.br\/portal\/","logo":{"@type":"ImageObject","inLanguage":"pt-BR","@id":"https:\/\/jornalbeirario.com.br\/portal\/#\/schema\/logo\/image\/","url":"https:\/\/jornalbeirario.com.br\/portal\/wp-content\/uploads\/2017\/09\/BEIRA-RIO_logo600.png","contentUrl":"https:\/\/jornalbeirario.com.br\/portal\/wp-content\/uploads\/2017\/09\/BEIRA-RIO_logo600.png","width":650,"height":108,"caption":"JORNAL BEIRA RIO"},"image":{"@id":"https:\/\/jornalbeirario.com.br\/portal\/#\/schema\/logo\/image\/"}}]}},"_links":{"self":[{"href":"https:\/\/jornalbeirario.com.br\/portal\/index.php?rest_route=\/wp\/v2\/pages\/525","targetHints":{"allow":["GET"]}}],"collection":[{"href":"https:\/\/jornalbeirario.com.br\/portal\/index.php?rest_route=\/wp\/v2\/pages"}],"about":[{"href":"https:\/\/jornalbeirario.com.br\/portal\/index.php?rest_route=\/wp\/v2\/types\/page"}],"author":[{"embeddable":true,"href":"https:\/\/jornalbeirario.com.br\/portal\/index.php?rest_route=\/wp\/v2\/users\/1"}],"replies":[{"embeddable":true,"href":"https:\/\/jornalbeirario.com.br\/portal\/index.php?rest_route=%2Fwp%2Fv2%2Fcomments&post=525"}],"version-history":[{"count":7,"href":"https:\/\/jornalbeirario.com.br\/portal\/index.php?rest_route=\/wp\/v2\/pages\/525\/revisions"}],"predecessor-version":[{"id":52596,"href":"https:\/\/jornalbeirario.com.br\/portal\/index.php?rest_route=\/wp\/v2\/pages\/525\/revisions\/52596"}],"wp:attachment":[{"href":"https:\/\/jornalbeirario.com.br\/portal\/index.php?rest_route=%2Fwp%2Fv2%2Fmedia&parent=525"}],"curies":[{"name":"wp","href":"https:\/\/api.w.org\/{rel}","templated":true}]}}