
{"id":52259,"date":"2017-08-06T14:53:35","date_gmt":"2017-08-06T17:53:35","guid":{"rendered":"http:\/\/jornalbeirario.com.br\/portal\/?page_id=52259"},"modified":"2017-12-18T11:51:45","modified_gmt":"2017-12-18T14:51:45","slug":"podcast-beira-rio","status":"publish","type":"page","link":"https:\/\/jornalbeirario.com.br\/portal\/?page_id=52259","title":{"rendered":"Podcast BEIRA-RIO"},"content":{"rendered":"<p>COMANDO DA CIDADE &#8211; 18\/12\/2017<\/p>\n<p>DICAS PARA O ANO NOVO<\/p>\n<div><audio src=\"https:\/\/jornalbeirario.com.br\/portal\/podcast\/2017_2018.mp3\" preload=\"auto\" \/><\/div>\r\n<p>Sobre simpatias e expectativas para o novo ano!<\/p>\n<p>Toda segunda-feira de 9h \u00e0s 10h ou\u00e7a MOMENTO PSICO-AFETIVO com a psic\u00f3loga Patr\u00edcia Neves no COMANDO DA CIDADE!<\/p>\n<p>&nbsp;<\/p>\n<p>COMANDO DA CIDADE &#8211; 11\/12\/2017<\/p>\n<p>TRISTEZA NAS FESTAS DE FIM DE ANO!<\/p>\n<div><audio src=\"https:\/\/jornalbeirario.com.br\/portal\/podcast\/ComandoDaCidade11.12.mp3\" preload=\"auto\" \/><\/div>\r\n<p>A psic\u00f3loga Patr\u00edcia Neves fala sobre o sentimento de tristeza nas festas de Fim de Ano<\/p>\n<p>Toda segunda-feira de 9h \u00e0s 10h ou\u00e7a MOMENTO PSICO-AFETIVO com a psic\u00f3loga Patr\u00edcia Neves no COMANDO DA CIDADE!<\/p>\n<p>&nbsp;<\/p>\n<p>COMANDO DA CIDADE &#8211; 04\/12\/2017<\/p>\n<p>JOVENS DEPRIMIDOS! OU\u00c7A A PSIC\u00d3LOGA PATR\u00cdCIA NEVES.<\/p>\n<div><audio src=\"https:\/\/jornalbeirario.com.br\/portal\/podcast\/04-12-2017.mp3\" preload=\"auto\" \/><\/div>\r\n<p>Jovens deprimidos<\/p>\n<p>Toda segunda-feira de 9h \u00e0s 10h ou\u00e7a MOMENTO PSICO-AFETIVO com a psic\u00f3loga Patr\u00edcia Neves no COMANDO DA CIDADE!<\/p>\n<p>&nbsp;<\/p>\n<p>COMANDO DA CIDADE &#8211; 27\/11\/2017<\/p>\n<p>INTOLER\u00c2NCIA!<\/p>\n<div><audio src=\"https:\/\/jornalbeirario.com.br\/portal\/podcast\/ComandoDaCidade27.11.mp3\" preload=\"auto\" \/><\/div>\r\n<p>Ana Lucia e Psic\u00f3loga Patr\u00edcia comentam a respeito da Intoler\u00e2ncia.<\/p>\n<p>De segunda a sexta-feira de 9h \u00e0s 10h ou\u00e7a o COMANDO DA CIDADE!<\/p>\n<p>&nbsp;<\/p>\n<p>COMANDO DA CIDADE &#8211; 07\/11\/2017<\/p>\n<p>Ana L\u00facia comenta os problemas do governo!<\/p>\n<div><audio src=\"https:\/\/jornalbeirario.com.br\/portal\/podcast\/ComandoDaCidade07.11.mp3\" preload=\"auto\" \/><\/div>\r\n<p>Diogo Balieiro e Noel de Carvalho, parceiros?<\/p>\n<p>De segunda a sexta-feira de 9h \u00e0s 10h ou\u00e7a o COMANDO DA CIDADE!<\/p>\n<p>&nbsp;<\/p>\n<p>COMANDO DA CIDADE &#8211; 06\/11\/2017<\/p>\n<p>Falta de seguran\u00e7a em Resende!<\/p>\n<div><audio src=\"https:\/\/jornalbeirario.com.br\/portal\/podcast\/ComandoDaCidade06.11.mp3\" preload=\"auto\" \/><\/div>\r\n<p>Bairro Vila Julieta \u00e9 alvo de bandidos.<\/p>\n<p>De segunda a sexta-feira de 9h \u00e0s 10h ou\u00e7a o COMANDO DA CIDADE!<\/p>\n<p>&nbsp;<\/p>\n<p>COMANDO DA CIDADE &#8211; 01\/11\/2017<\/p>\n<p>Criminalidade!<\/p>\n<div><audio src=\"https:\/\/jornalbeirario.com.br\/portal\/podcast\/ComandoDaCidade01.11.mp3\" preload=\"auto\" \/><\/div>\r\n<p>Universit\u00e1rios s\u00e3o baleados na sa\u00edda da universidade.<\/p>\n<p>De segunda a sexta-feira de 9h \u00e0s 10h ou\u00e7a o COMANDO DA CIDADE!<\/p>\n<p>&nbsp;<\/p>\n<p>COMANDO DA CIDADE &#8211; 31\/10\/2017<\/p>\n<p>Pernilongos invadem Resende!<\/p>\n<div><audio src=\"https:\/\/jornalbeirario.com.br\/portal\/podcast\/ComandoDaCidade31.10.mp3\" preload=\"auto\" \/><\/div>\r\n<p>Os problemas de Resende<\/p>\n<p>De segunda a sexta-feira de 9h \u00e0s 10h ou\u00e7a o COMANDO DA CIDADE!<\/p>\n<p>&nbsp;<\/p>\n<p>COMANDO DA CIDADE &#8211; 30\/10\/2017<\/p>\n<p>Armar ou n\u00e3o a Guarda Municipal? Participe deste debate!<\/p>\n<div><audio src=\"https:\/\/jornalbeirario.com.br\/portal\/podcast\/Comandodacidade30.01.mp3\" preload=\"auto\" \/><\/div>\r\n<p>Em pauta: Guarda Municipal e armas!<\/p>\n<p>De segunda a sexta-feira de 9h \u00e0s 10h ou\u00e7a o COMANDO DA CIDADE!<\/p>\n<p>&nbsp;<\/p>\n<p>COMANDO DA CIDADE &#8211; 17\/10\/2017<\/p>\n<p>Ana L\u00facia fala sobre o Hospital de Emerg\u00eancia.<\/p>\n<div><audio src=\"https:\/\/jornalbeirario.com.br\/portal\/podcast\/sauderesende.mp3\" preload=\"auto\" \/><\/div>\r\n<p>Ana L\u00facia fala sobre o Hospital de Emerg\u00eancia.<\/p>\n<p>De segunda a sexta-feira de 9h \u00e0s 10h ou\u00e7a o COMANDO DA CIDADE!<\/p>\n<p>&nbsp;<\/p>\n<p>COMANDO DA CIDADE &#8211; 09\/10\/2017<\/p>\n<p>Vereador Roque Cerqueira, presidente da C\u00e2mara Municipal de Resende rebate cr\u00edticas da presidente da Associa\u00e7\u00e3o de Moradores do bairro Para\u00edso.<\/p>\n<div><audio src=\"https:\/\/jornalbeirario.com.br\/portal\/podcast\/vereador_Roque.mp3\" preload=\"auto\" \/><\/div>\r\n<p>Vereador Cerqueira diz que Betinha usa Associa\u00e7\u00e3o de Moradores para se promover<\/p>\n<p>De segunda a sexta-feira de 9h \u00e0s 10h ou\u00e7a o COMANDO DA CIDADE!<\/p>\n<p>&nbsp;<\/p>\n<p>COMANDO DA CIDADE &#8211; 05\/10\/2017<\/p>\n<p>Presidente da Associa\u00e7\u00e3o de Moradores do bairro Para\u00edso, em Resende, Elizabeth Cardoso, a Betinha, fala no Programa COMANDO DA CIDADE porque fez um BO contra o vereador, presidente da C\u00e2mara de Resende, Roque Cerqueira.<\/p>\n<div><audio src=\"https:\/\/jornalbeirario.com.br\/portal\/podcast\/audio_Betinha.mp3\" preload=\"auto\" \/><\/div>\r\n<p>BO contra vereador Roque<\/p>\n<p>De segunda a sexta-feira de 9h \u00e0s 10h ou\u00e7a o COMANDO DA CIDADE!<\/p>\n<p>&nbsp;<\/p>\n<p>&nbsp;<\/p>\n<p>&nbsp;<\/p>\n<p>&nbsp;<\/p>\n<p>&nbsp;<\/p>\n","protected":false},"excerpt":{"rendered":"<p>COMANDO DA CIDADE &#8211; 18\/12\/2017 DICAS PARA O ANO NOVO Toda segunda-feira de 9h \u00e0s 10h ou\u00e7a MOMENTO PSICO-AFETIVO com a psic\u00f3loga Patr\u00edcia Neves<\/p>\n","protected":false},"author":1,"featured_media":0,"parent":0,"menu_order":0,"comment_status":"closed","ping_status":"closed","template":"","meta":{"pmpro_default_level":"","footnotes":""},"class_list":["post-52259","page","type-page","status-publish","hentry","pmpro-has-access"],"yoast_head":"<!-- This site is optimized with the Yoast SEO plugin v27.4 - https:\/\/yoast.com\/product\/yoast-seo-wordpress\/ -->\n<title>Podcast BEIRA-RIO - JORNAL BEIRA RIO<\/title>\n<meta name=\"robots\" content=\"index, follow, max-snippet:-1, max-image-preview:large, max-video-preview:-1\" \/>\n<link rel=\"canonical\" href=\"https:\/\/jornalbeirario.com.br\/portal\/?page_id=52259\" \/>\n<meta property=\"og:locale\" content=\"pt_BR\" \/>\n<meta property=\"og:type\" content=\"article\" \/>\n<meta property=\"og:title\" content=\"Podcast BEIRA-RIO - JORNAL BEIRA RIO\" \/>\n<meta property=\"og:description\" content=\"COMANDO DA CIDADE &#8211; 18\/12\/2017 DICAS PARA O ANO NOVO Toda segunda-feira de 9h \u00e0s 10h ou\u00e7a MOMENTO PSICO-AFETIVO com a psic\u00f3loga Patr\u00edcia Neves\" \/>\n<meta property=\"og:url\" content=\"https:\/\/jornalbeirario.com.br\/portal\/?page_id=52259\" \/>\n<meta property=\"og:site_name\" content=\"JORNAL BEIRA RIO\" \/>\n<meta property=\"article:modified_time\" content=\"2017-12-18T14:51:45+00:00\" \/>\n<meta name=\"twitter:card\" content=\"summary_large_image\" \/>\n<meta name=\"twitter:label1\" content=\"Est. tempo de leitura\" \/>\n\t<meta name=\"twitter:data1\" content=\"3 minutos\" \/>\n<script type=\"application\/ld+json\" class=\"yoast-schema-graph\">{\"@context\":\"https:\\\/\\\/schema.org\",\"@graph\":[{\"@type\":\"WebPage\",\"@id\":\"https:\\\/\\\/jornalbeirario.com.br\\\/portal\\\/?page_id=52259\",\"url\":\"https:\\\/\\\/jornalbeirario.com.br\\\/portal\\\/?page_id=52259\",\"name\":\"Podcast BEIRA-RIO - JORNAL BEIRA RIO\",\"isPartOf\":{\"@id\":\"https:\\\/\\\/jornalbeirario.com.br\\\/portal\\\/#website\"},\"datePublished\":\"2017-08-06T17:53:35+00:00\",\"dateModified\":\"2017-12-18T14:51:45+00:00\",\"breadcrumb\":{\"@id\":\"https:\\\/\\\/jornalbeirario.com.br\\\/portal\\\/?page_id=52259#breadcrumb\"},\"inLanguage\":\"pt-BR\",\"potentialAction\":[{\"@type\":\"ReadAction\",\"target\":[\"https:\\\/\\\/jornalbeirario.com.br\\\/portal\\\/?page_id=52259\"]}]},{\"@type\":\"BreadcrumbList\",\"@id\":\"https:\\\/\\\/jornalbeirario.com.br\\\/portal\\\/?page_id=52259#breadcrumb\",\"itemListElement\":[{\"@type\":\"ListItem\",\"position\":1,\"name\":\"Home\",\"item\":\"https:\\\/\\\/jornalbeirario.com.br\\\/portal\"},{\"@type\":\"ListItem\",\"position\":2,\"name\":\"Podcast BEIRA-RIO\"}]},{\"@type\":\"WebSite\",\"@id\":\"https:\\\/\\\/jornalbeirario.com.br\\\/portal\\\/#website\",\"url\":\"https:\\\/\\\/jornalbeirario.com.br\\\/portal\\\/\",\"name\":\"JORNAL BEIRA RIO\",\"description\":\"\",\"publisher\":{\"@id\":\"https:\\\/\\\/jornalbeirario.com.br\\\/portal\\\/#organization\"},\"potentialAction\":[{\"@type\":\"SearchAction\",\"target\":{\"@type\":\"EntryPoint\",\"urlTemplate\":\"https:\\\/\\\/jornalbeirario.com.br\\\/portal\\\/?s={search_term_string}\"},\"query-input\":{\"@type\":\"PropertyValueSpecification\",\"valueRequired\":true,\"valueName\":\"search_term_string\"}}],\"inLanguage\":\"pt-BR\"},{\"@type\":\"Organization\",\"@id\":\"https:\\\/\\\/jornalbeirario.com.br\\\/portal\\\/#organization\",\"name\":\"JORNAL BEIRA RIO\",\"url\":\"https:\\\/\\\/jornalbeirario.com.br\\\/portal\\\/\",\"logo\":{\"@type\":\"ImageObject\",\"inLanguage\":\"pt-BR\",\"@id\":\"https:\\\/\\\/jornalbeirario.com.br\\\/portal\\\/#\\\/schema\\\/logo\\\/image\\\/\",\"url\":\"https:\\\/\\\/jornalbeirario.com.br\\\/portal\\\/wp-content\\\/uploads\\\/2017\\\/09\\\/BEIRA-RIO_logo600.png\",\"contentUrl\":\"https:\\\/\\\/jornalbeirario.com.br\\\/portal\\\/wp-content\\\/uploads\\\/2017\\\/09\\\/BEIRA-RIO_logo600.png\",\"width\":650,\"height\":108,\"caption\":\"JORNAL BEIRA RIO\"},\"image\":{\"@id\":\"https:\\\/\\\/jornalbeirario.com.br\\\/portal\\\/#\\\/schema\\\/logo\\\/image\\\/\"}}]}<\/script>\n<!-- \/ Yoast SEO plugin. -->","yoast_head_json":{"title":"Podcast BEIRA-RIO - JORNAL BEIRA RIO","robots":{"index":"index","follow":"follow","max-snippet":"max-snippet:-1","max-image-preview":"max-image-preview:large","max-video-preview":"max-video-preview:-1"},"canonical":"https:\/\/jornalbeirario.com.br\/portal\/?page_id=52259","og_locale":"pt_BR","og_type":"article","og_title":"Podcast BEIRA-RIO - JORNAL BEIRA RIO","og_description":"COMANDO DA CIDADE &#8211; 18\/12\/2017 DICAS PARA O ANO NOVO Toda segunda-feira de 9h \u00e0s 10h ou\u00e7a MOMENTO PSICO-AFETIVO com a psic\u00f3loga Patr\u00edcia Neves","og_url":"https:\/\/jornalbeirario.com.br\/portal\/?page_id=52259","og_site_name":"JORNAL BEIRA RIO","article_modified_time":"2017-12-18T14:51:45+00:00","twitter_card":"summary_large_image","twitter_misc":{"Est. tempo de leitura":"3 minutos"},"schema":{"@context":"https:\/\/schema.org","@graph":[{"@type":"WebPage","@id":"https:\/\/jornalbeirario.com.br\/portal\/?page_id=52259","url":"https:\/\/jornalbeirario.com.br\/portal\/?page_id=52259","name":"Podcast BEIRA-RIO - JORNAL BEIRA RIO","isPartOf":{"@id":"https:\/\/jornalbeirario.com.br\/portal\/#website"},"datePublished":"2017-08-06T17:53:35+00:00","dateModified":"2017-12-18T14:51:45+00:00","breadcrumb":{"@id":"https:\/\/jornalbeirario.com.br\/portal\/?page_id=52259#breadcrumb"},"inLanguage":"pt-BR","potentialAction":[{"@type":"ReadAction","target":["https:\/\/jornalbeirario.com.br\/portal\/?page_id=52259"]}]},{"@type":"BreadcrumbList","@id":"https:\/\/jornalbeirario.com.br\/portal\/?page_id=52259#breadcrumb","itemListElement":[{"@type":"ListItem","position":1,"name":"Home","item":"https:\/\/jornalbeirario.com.br\/portal"},{"@type":"ListItem","position":2,"name":"Podcast BEIRA-RIO"}]},{"@type":"WebSite","@id":"https:\/\/jornalbeirario.com.br\/portal\/#website","url":"https:\/\/jornalbeirario.com.br\/portal\/","name":"JORNAL BEIRA RIO","description":"","publisher":{"@id":"https:\/\/jornalbeirario.com.br\/portal\/#organization"},"potentialAction":[{"@type":"SearchAction","target":{"@type":"EntryPoint","urlTemplate":"https:\/\/jornalbeirario.com.br\/portal\/?s={search_term_string}"},"query-input":{"@type":"PropertyValueSpecification","valueRequired":true,"valueName":"search_term_string"}}],"inLanguage":"pt-BR"},{"@type":"Organization","@id":"https:\/\/jornalbeirario.com.br\/portal\/#organization","name":"JORNAL BEIRA RIO","url":"https:\/\/jornalbeirario.com.br\/portal\/","logo":{"@type":"ImageObject","inLanguage":"pt-BR","@id":"https:\/\/jornalbeirario.com.br\/portal\/#\/schema\/logo\/image\/","url":"https:\/\/jornalbeirario.com.br\/portal\/wp-content\/uploads\/2017\/09\/BEIRA-RIO_logo600.png","contentUrl":"https:\/\/jornalbeirario.com.br\/portal\/wp-content\/uploads\/2017\/09\/BEIRA-RIO_logo600.png","width":650,"height":108,"caption":"JORNAL BEIRA RIO"},"image":{"@id":"https:\/\/jornalbeirario.com.br\/portal\/#\/schema\/logo\/image\/"}}]}},"_links":{"self":[{"href":"https:\/\/jornalbeirario.com.br\/portal\/index.php?rest_route=\/wp\/v2\/pages\/52259","targetHints":{"allow":["GET"]}}],"collection":[{"href":"https:\/\/jornalbeirario.com.br\/portal\/index.php?rest_route=\/wp\/v2\/pages"}],"about":[{"href":"https:\/\/jornalbeirario.com.br\/portal\/index.php?rest_route=\/wp\/v2\/types\/page"}],"author":[{"embeddable":true,"href":"https:\/\/jornalbeirario.com.br\/portal\/index.php?rest_route=\/wp\/v2\/users\/1"}],"replies":[{"embeddable":true,"href":"https:\/\/jornalbeirario.com.br\/portal\/index.php?rest_route=%2Fwp%2Fv2%2Fcomments&post=52259"}],"version-history":[{"count":29,"href":"https:\/\/jornalbeirario.com.br\/portal\/index.php?rest_route=\/wp\/v2\/pages\/52259\/revisions"}],"predecessor-version":[{"id":55628,"href":"https:\/\/jornalbeirario.com.br\/portal\/index.php?rest_route=\/wp\/v2\/pages\/52259\/revisions\/55628"}],"wp:attachment":[{"href":"https:\/\/jornalbeirario.com.br\/portal\/index.php?rest_route=%2Fwp%2Fv2%2Fmedia&parent=52259"}],"curies":[{"name":"wp","href":"https:\/\/api.w.org\/{rel}","templated":true}]}}